{"id":2,"date":"2024-11-20T16:00:52","date_gmt":"2024-11-20T15:00:52","guid":{"rendered":"http:\/\/villa-eugenie.fr\/?page_id=2"},"modified":"2026-01-28T17:13:25","modified_gmt":"2026-01-28T16:13:25","slug":"page-d-exemple","status":"publish","type":"page","link":"https:\/\/villa-eugenie.fr\/index.php\/page-d-exemple\/","title":{"rendered":"\u201cL\u00e0, tout n&#8217;est qu&#8217;ordre et beaut\u00e9,: Luxe, calme et volupt\u00e9.\u201c C. Baudelaire"},"content":{"rendered":"\n<figure class=\"wp-block-image aligncenter size-full\"><img loading=\"lazy\" decoding=\"async\" width=\"692\" height=\"401\" src=\"http:\/\/villa-eugenie.fr\/wp-content\/uploads\/2025\/03\/villa-eugenie.jpg\" alt=\"\" class=\"wp-image-30\" srcset=\"https:\/\/villa-eugenie.fr\/wp-content\/uploads\/2025\/03\/villa-eugenie.jpg 692w, https:\/\/villa-eugenie.fr\/wp-content\/uploads\/2025\/03\/villa-eugenie-300x174.jpg 300w\" sizes=\"auto, (max-width: 692px) 100vw, 692px\" \/><\/figure>\n\n\n\n<figure class=\"wp-block-pullquote\" style=\"margin-top:var(--wp--preset--spacing--30);margin-right:0;margin-bottom:var(--wp--preset--spacing--30);margin-left:0;padding-top:var(--wp--preset--spacing--70);padding-right:0;padding-bottom:var(--wp--preset--spacing--70);padding-left:0\"><blockquote><p>Au c\u0153ur du domaine du golf, dans un environnement extr\u00eamement calme et s\u00e9curis\u00e9, une magnifique propri\u00e9t\u00e9 avec piscine.<\/p><\/blockquote><\/figure>\n\n\n\n<figure class=\"wp-block-image aligncenter size-large is-style-rounded\"><img loading=\"lazy\" decoding=\"async\" width=\"1024\" height=\"768\" src=\"https:\/\/villa-eugenie.fr\/wp-content\/uploads\/2025\/03\/2024-07-30-1024x768.jpg\" alt=\"\" class=\"wp-image-37\" srcset=\"https:\/\/villa-eugenie.fr\/wp-content\/uploads\/2025\/03\/2024-07-30-1024x768.jpg 1024w, https:\/\/villa-eugenie.fr\/wp-content\/uploads\/2025\/03\/2024-07-30-300x225.jpg 300w, https:\/\/villa-eugenie.fr\/wp-content\/uploads\/2025\/03\/2024-07-30-768x576.jpg 768w, https:\/\/villa-eugenie.fr\/wp-content\/uploads\/2025\/03\/2024-07-30.jpg 1360w\" sizes=\"auto, (max-width: 1024px) 100vw, 1024px\" \/><\/figure>\n","protected":false},"excerpt":{"rendered":"<p>Au c\u0153ur du domaine du golf, dans un environnement extr\u00eamement calme et s\u00e9curis\u00e9, une magnifique propri\u00e9t\u00e9 avec piscine.<\/p>\n","protected":false},"author":1,"featured_media":0,"parent":0,"menu_order":0,"comment_status":"closed","ping_status":"open","template":"","meta":{"footnotes":""},"class_list":["post-2","page","type-page","status-publish","hentry"],"_links":{"self":[{"href":"https:\/\/villa-eugenie.fr\/index.php\/wp-json\/wp\/v2\/pages\/2","targetHints":{"allow":["GET"]}}],"collection":[{"href":"https:\/\/villa-eugenie.fr\/index.php\/wp-json\/wp\/v2\/pages"}],"about":[{"href":"https:\/\/villa-eugenie.fr\/index.php\/wp-json\/wp\/v2\/types\/page"}],"author":[{"embeddable":true,"href":"https:\/\/villa-eugenie.fr\/index.php\/wp-json\/wp\/v2\/users\/1"}],"replies":[{"embeddable":true,"href":"https:\/\/villa-eugenie.fr\/index.php\/wp-json\/wp\/v2\/comments?post=2"}],"version-history":[{"count":16,"href":"https:\/\/villa-eugenie.fr\/index.php\/wp-json\/wp\/v2\/pages\/2\/revisions"}],"predecessor-version":[{"id":49,"href":"https:\/\/villa-eugenie.fr\/index.php\/wp-json\/wp\/v2\/pages\/2\/revisions\/49"}],"wp:attachment":[{"href":"https:\/\/villa-eugenie.fr\/index.php\/wp-json\/wp\/v2\/media?parent=2"}],"curies":[{"name":"wp","href":"https:\/\/api.w.org\/{rel}","templated":true}]}}